{"id":301,"date":"2020-10-22T03:09:38","date_gmt":"2020-10-22T01:09:38","guid":{"rendered":"https:\/\/fabrykacmyka.pl\/about\/"},"modified":"2023-01-01T15:25:08","modified_gmt":"2023-01-01T14:25:08","slug":"about","status":"publish","type":"page","link":"https:\/\/fabrykacmyka.pl\/de\/about\/","title":{"rendered":"U\u0308ber uns"},"content":{"rendered":"<div data-elementor-type=\"wp-page\" data-elementor-id=\"301\" class=\"elementor elementor-301\" data-elementor-post-type=\"page\">\n\t\t\t\t\t\t<section class=\"elementor-section elementor-top-section elementor-element elementor-element-41cda2f elementor-section-content-bottom elementor-section-height-min-height elementor-section-boxed elementor-section-height-default elementor-section-items-middle\" data-id=\"41cda2f\" data-element_type=\"section\" data-e-type=\"section\" data-settings=\"{&quot;background_background&quot;:&quot;classic&quot;}\">\n\t\t\t\t\t\t\t<div class=\"elementor-background-overlay\"><\/div>\n\t\t\t\t\t\t\t<div class=\"elementor-container elementor-column-gap-no\">\n\t\t\t\t\t<div class=\"elementor-column elementor-col-50 elementor-top-column elementor-element elementor-element-a722d37\" data-id=\"a722d37\" data-element_type=\"column\" data-e-type=\"column\">\n\t\t\t<div class=\"elementor-widget-wrap elementor-element-populated\">\n\t\t\t\t\t\t<div class=\"elementor-element elementor-element-c834b85 elementor-widget elementor-widget-heading\" data-id=\"c834b85\" data-element_type=\"widget\" data-e-type=\"widget\" data-widget_type=\"heading.default\">\n\t\t\t\t<div class=\"elementor-widget-container\">\n\t\t\t\t\t<h1 class=\"elementor-heading-title elementor-size-default\">U\u0308ber uns<\/h1>\t\t\t\t<\/div>\n\t\t\t\t<\/div>\n\t\t\t\t<div class=\"elementor-element elementor-element-b51e41b elementor-widget-divider--view-line elementor-widget elementor-widget-divider\" data-id=\"b51e41b\" data-element_type=\"widget\" data-e-type=\"widget\" data-widget_type=\"divider.default\">\n\t\t\t\t<div class=\"elementor-widget-container\">\n\t\t\t\t\t\t\t<div class=\"elementor-divider\">\n\t\t\t<span class=\"elementor-divider-separator\">\n\t\t\t\t\t\t<\/span>\n\t\t<\/div>\n\t\t\t\t\t\t<\/div>\n\t\t\t\t<\/div>\n\t\t\t\t\t<\/div>\n\t\t<\/div>\n\t\t\t\t<div class=\"elementor-column elementor-col-50 elementor-top-column elementor-element elementor-element-28af7ca\" data-id=\"28af7ca\" data-element_type=\"column\" data-e-type=\"column\">\n\t\t\t<div class=\"elementor-widget-wrap\">\n\t\t\t\t\t\t\t<\/div>\n\t\t<\/div>\n\t\t\t\t\t<\/div>\n\t\t<\/section>\n\t\t\t\t<section class=\"elementor-section elementor-top-section elementor-element elementor-element-7ij8cz7 elementor-section-content-middle elementor-reverse-mobile elementor-section-boxed elementor-section-height-default elementor-section-height-default\" data-id=\"7ij8cz7\" data-element_type=\"section\" data-e-type=\"section\" data-settings=\"{&quot;background_background&quot;:&quot;classic&quot;}\">\n\t\t\t\t\t\t\t<div class=\"elementor-background-overlay\"><\/div>\n\t\t\t\t\t\t\t<div class=\"elementor-container elementor-column-gap-no\">\n\t\t\t\t\t<div class=\"elementor-column elementor-col-50 elementor-top-column elementor-element elementor-element-b0b74d8\" data-id=\"b0b74d8\" data-element_type=\"column\" data-e-type=\"column\" data-settings=\"{&quot;background_background&quot;:&quot;classic&quot;}\">\n\t\t\t<div class=\"elementor-widget-wrap elementor-element-populated\">\n\t\t\t\t\t\t<div class=\"elementor-element elementor-element-bfed4c6 elementor-widget elementor-widget-heading\" data-id=\"bfed4c6\" data-element_type=\"widget\" data-e-type=\"widget\" data-widget_type=\"heading.default\">\n\t\t\t\t<div class=\"elementor-widget-container\">\n\t\t\t\t\t<h2 class=\"elementor-heading-title elementor-size-default\">Wer sind wir?<\/h2>\t\t\t\t<\/div>\n\t\t\t\t<\/div>\n\t\t\t\t<div class=\"elementor-element elementor-element-327f367 elementor-widget elementor-widget-text-editor\" data-id=\"327f367\" data-element_type=\"widget\" data-e-type=\"widget\" data-widget_type=\"text-editor.default\">\n\t\t\t\t<div class=\"elementor-widget-container\">\n\t\t\t\t\t\t\t\t\t<p>Wir sind eine moderne Werbedruckerei aus Bydgoszcz. Wir lieben es, schwierige und ungewo\u0308hnliche Projekte zu realisieren - wir kennen die anspruchsvolle Werbebranche sehr gut. Wir bearbeiten Auftra\u0308ge aus Polen und ganz Europa; wir kommunizieren frei in Deutsch und Englisch. Wir legen gro\u00dfen Wert auf unsere Flexibilita\u0308t und ko\u0308nnen daher sowohl Druckauftra\u0308ge auf den uns anvertrauten Waren als auch auf den Waren unserer Partner, wie z.B. Adler, L-Shop, Korntex usw., durchfu\u0308hren.\u00a0<span style=\"font-style: inherit; font-weight: inherit; color: var(--ast-global-color-3);\">obs\u0142ugujemy zar\u00f3wno zlecenia nadruku na towarze powierzonym oraz dost\u0119pnym u naszych partner\u00f3w tj.\u00a0<\/span><span style=\"color: var(--ast-global-color-3); font-style: inherit; font-weight: inherit;\">\u00a0Adler, L-Shop , Korntex etc.<\/span><\/p>\t\t\t\t\t\t\t\t<\/div>\n\t\t\t\t<\/div>\n\t\t\t\t\t<\/div>\n\t\t<\/div>\n\t\t\t\t<div class=\"elementor-column elementor-col-50 elementor-top-column elementor-element elementor-element-38d5b4b\" data-id=\"38d5b4b\" data-element_type=\"column\" data-e-type=\"column\" data-settings=\"{&quot;background_background&quot;:&quot;classic&quot;}\">\n\t\t\t<div class=\"elementor-widget-wrap elementor-element-populated\">\n\t\t\t\t\t\t<div class=\"elementor-element elementor-element-98219f3 elementor-hidden-tablet elementor-hidden-mobile elementor-widget elementor-widget-image\" data-id=\"98219f3\" data-element_type=\"widget\" data-e-type=\"widget\" data-widget_type=\"image.default\">\n\t\t\t\t<div class=\"elementor-widget-container\">\n\t\t\t\t\t\t\t\t\t\t\t\t\t\t\t<img fetchpriority=\"high\" decoding=\"async\" width=\"1300\" height=\"858\" src=\"https:\/\/fabrykacmyka.pl\/wp-content\/uploads\/2022\/05\/bydgoszczzz.jpg\" class=\"attachment-full size-full wp-image-700\" alt=\"\" srcset=\"https:\/\/fabrykacmyka.pl\/wp-content\/uploads\/2022\/05\/bydgoszczzz.jpg 1300w, https:\/\/fabrykacmyka.pl\/wp-content\/uploads\/2022\/05\/bydgoszczzz-300x198.jpg 300w, https:\/\/fabrykacmyka.pl\/wp-content\/uploads\/2022\/05\/bydgoszczzz-1024x676.jpg 1024w, https:\/\/fabrykacmyka.pl\/wp-content\/uploads\/2022\/05\/bydgoszczzz-768x507.jpg 768w\" sizes=\"(max-width: 1300px) 100vw, 1300px\" \/>\t\t\t\t\t\t\t\t\t\t\t\t\t\t\t<\/div>\n\t\t\t\t<\/div>\n\t\t\t\t\t<\/div>\n\t\t<\/div>\n\t\t\t\t\t<\/div>\n\t\t<\/section>\n\t\t\t\t<section class=\"elementor-section elementor-top-section elementor-element elementor-element-8a8520f elementor-section-content-middle elementor-reverse-mobile elementor-section-boxed elementor-section-height-default elementor-section-height-default\" data-id=\"8a8520f\" data-element_type=\"section\" data-e-type=\"section\" data-settings=\"{&quot;background_background&quot;:&quot;classic&quot;}\">\n\t\t\t\t\t\t\t<div class=\"elementor-background-overlay\"><\/div>\n\t\t\t\t\t\t\t<div class=\"elementor-container elementor-column-gap-no\">\n\t\t\t\t\t<div class=\"elementor-column elementor-col-50 elementor-top-column elementor-element elementor-element-24b492e\" data-id=\"24b492e\" data-element_type=\"column\" data-e-type=\"column\" data-settings=\"{&quot;background_background&quot;:&quot;classic&quot;}\">\n\t\t\t<div class=\"elementor-widget-wrap elementor-element-populated\">\n\t\t\t\t\t\t<div class=\"elementor-element elementor-element-a7fe26b elementor-widget elementor-widget-image\" data-id=\"a7fe26b\" data-element_type=\"widget\" data-e-type=\"widget\" data-widget_type=\"image.default\">\n\t\t\t\t<div class=\"elementor-widget-container\">\n\t\t\t\t\t\t\t\t\t\t\t\t\t\t\t<img decoding=\"async\" width=\"2560\" height=\"1707\" src=\"https:\/\/fabrykacmyka.pl\/wp-content\/uploads\/2022\/05\/graphic-engineers-or-workers-checking-imprint-quality-in-modern-print-shop-1-scaled.jpg\" class=\"attachment-full size-full wp-image-707\" alt=\"\" srcset=\"https:\/\/fabrykacmyka.pl\/wp-content\/uploads\/2022\/05\/graphic-engineers-or-workers-checking-imprint-quality-in-modern-print-shop-1-scaled.jpg 2560w, https:\/\/fabrykacmyka.pl\/wp-content\/uploads\/2022\/05\/graphic-engineers-or-workers-checking-imprint-quality-in-modern-print-shop-1-300x200.jpg 300w, https:\/\/fabrykacmyka.pl\/wp-content\/uploads\/2022\/05\/graphic-engineers-or-workers-checking-imprint-quality-in-modern-print-shop-1-1024x683.jpg 1024w, https:\/\/fabrykacmyka.pl\/wp-content\/uploads\/2022\/05\/graphic-engineers-or-workers-checking-imprint-quality-in-modern-print-shop-1-768x512.jpg 768w, https:\/\/fabrykacmyka.pl\/wp-content\/uploads\/2022\/05\/graphic-engineers-or-workers-checking-imprint-quality-in-modern-print-shop-1-1536x1024.jpg 1536w, https:\/\/fabrykacmyka.pl\/wp-content\/uploads\/2022\/05\/graphic-engineers-or-workers-checking-imprint-quality-in-modern-print-shop-1-2048x1365.jpg 2048w\" sizes=\"(max-width: 2560px) 100vw, 2560px\" \/>\t\t\t\t\t\t\t\t\t\t\t\t\t\t\t<\/div>\n\t\t\t\t<\/div>\n\t\t\t\t\t<\/div>\n\t\t<\/div>\n\t\t\t\t<div class=\"elementor-column elementor-col-50 elementor-top-column elementor-element elementor-element-65ba1e3\" data-id=\"65ba1e3\" data-element_type=\"column\" data-e-type=\"column\" data-settings=\"{&quot;background_background&quot;:&quot;classic&quot;}\">\n\t\t\t<div class=\"elementor-widget-wrap elementor-element-populated\">\n\t\t\t\t\t\t<div class=\"elementor-element elementor-element-8b319ec elementor-widget elementor-widget-heading\" data-id=\"8b319ec\" data-element_type=\"widget\" data-e-type=\"widget\" data-widget_type=\"heading.default\">\n\t\t\t\t<div class=\"elementor-widget-container\">\n\t\t\t\t\t<h2 class=\"elementor-heading-title elementor-size-default\">Was zeichnet uns aus?<\/h2>\t\t\t\t<\/div>\n\t\t\t\t<\/div>\n\t\t\t\t<div class=\"elementor-element elementor-element-d9b3886 elementor-widget elementor-widget-text-editor\" data-id=\"d9b3886\" data-element_type=\"widget\" data-e-type=\"widget\" data-widget_type=\"text-editor.default\">\n\t\t\t\t<div class=\"elementor-widget-container\">\n\t\t\t\t\t\t\t\t\t<ul><li>Ho\u0308chste Druckqualita\u0308t. Wir verwenden nur Originalfarben und -tinten.<\/li><li>Ein mehrsprachiges Kundendienstteam, das Sie bei der Suche nach den besten Drucklo\u0308sungen unterstu\u0308tzt.<\/li><li>Fachwissen und technologische Ausstattung, die fu\u0308r anspruchsvolle Aufgaben erforderlich sind.<\/li><li>Schonung der Umwelt - wir verwenden Eco-Solvent-Tinten in unseren Gro\u00dfformatplottern, fu\u0308r den Siebdruck setzen wir die umweltfreundliche Easy-Way- Technologie ein.<\/li><\/ul>\t\t\t\t\t\t\t\t<\/div>\n\t\t\t\t<\/div>\n\t\t\t\t\t<\/div>\n\t\t<\/div>\n\t\t\t\t\t<\/div>\n\t\t<\/section>\n\t\t\t\t<section class=\"elementor-section elementor-top-section elementor-element elementor-element-b8aca1c elementor-section-boxed elementor-section-height-default elementor-section-height-default\" data-id=\"b8aca1c\" data-element_type=\"section\" data-e-type=\"section\">\n\t\t\t\t\t\t<div class=\"elementor-container elementor-column-gap-default\">\n\t\t\t\t\t<div class=\"elementor-column elementor-col-100 elementor-top-column elementor-element elementor-element-058fad5\" data-id=\"058fad5\" data-element_type=\"column\" data-e-type=\"column\">\n\t\t\t<div class=\"elementor-widget-wrap elementor-element-populated\">\n\t\t\t\t\t\t<div class=\"elementor-element elementor-element-ad7072b elementor-widget elementor-widget-heading\" data-id=\"ad7072b\" data-element_type=\"widget\" data-e-type=\"widget\" data-widget_type=\"heading.default\">\n\t\t\t\t<div class=\"elementor-widget-container\">\n\t\t\t\t\t<h2 class=\"elementor-heading-title elementor-size-default\">Willkommen in der Welt der Farben<\/h2>\t\t\t\t<\/div>\n\t\t\t\t<\/div>\n\t\t\t\t<div class=\"elementor-element elementor-element-71942a9 elementor-widget elementor-widget-heading\" data-id=\"71942a9\" data-element_type=\"widget\" data-e-type=\"widget\" data-widget_type=\"heading.default\">\n\t\t\t\t<div class=\"elementor-widget-container\">\n\t\t\t\t\t<h1 class=\"elementor-heading-title elementor-size-default\">Lernen wir uns besser kennen<\/h1>\t\t\t\t<\/div>\n\t\t\t\t<\/div>\n\t\t\t\t\t<\/div>\n\t\t<\/div>\n\t\t\t\t\t<\/div>\n\t\t<\/section>\n\t\t\t\t<section class=\"elementor-section elementor-top-section elementor-element elementor-element-93cd4b3 elementor-section-boxed elementor-section-height-default elementor-section-height-default\" data-id=\"93cd4b3\" data-element_type=\"section\" data-e-type=\"section\" data-settings=\"{&quot;background_background&quot;:&quot;classic&quot;}\">\n\t\t\t\t\t\t<div class=\"elementor-container elementor-column-gap-default\">\n\t\t\t\t\t<div class=\"elementor-column elementor-col-100 elementor-top-column elementor-element elementor-element-3107466\" data-id=\"3107466\" data-element_type=\"column\" data-e-type=\"column\">\n\t\t\t<div class=\"elementor-widget-wrap elementor-element-populated\">\n\t\t\t\t\t\t<div class=\"elementor-element elementor-element-3993402 elementor-widget elementor-widget-video\" data-id=\"3993402\" data-element_type=\"widget\" data-e-type=\"widget\" data-settings=\"{&quot;youtube_url&quot;:&quot;https:\\\/\\\/www.youtube.com\\\/watch?v=JZRvmqiRSCo&quot;,&quot;video_type&quot;:&quot;youtube&quot;,&quot;controls&quot;:&quot;yes&quot;}\" data-widget_type=\"video.default\">\n\t\t\t\t<div class=\"elementor-widget-container\">\n\t\t\t\t\t\t\t<div class=\"elementor-wrapper elementor-open-inline\">\n\t\t\t<div class=\"elementor-video\"><\/div>\t\t<\/div>\n\t\t\t\t\t\t<\/div>\n\t\t\t\t<\/div>\n\t\t\t\t\t<\/div>\n\t\t<\/div>\n\t\t\t\t\t<\/div>\n\t\t<\/section>\n\t\t\t\t<\/div>","protected":false},"excerpt":{"rendered":"<p>O nas Kim jeste\u015bmy? Jeste\u015bmy nowoczesn\u0105 bydgosk\u0105 drukarni\u0105 reklamow\u0105. Uwielbiamy realizowa\u0107 projekty trudne i nietuzinkowe \u2013 bardzo dobrze znamy wymagaj\u0105c\u0105 bran\u017c\u0119 reklamow\u0105. Obs\u0142ugujemy zlecenia z Polski i ca\u0142ej Europy, swobodnie komunikujemy si\u0119 w j\u0119zykach niemieckim i angielskim. Cenimy sobie nasz\u0105 elastyczno\u015b\u0107 dlatego\u00a0obs\u0142ugujemy zar\u00f3wno zlecenia nadruku na towarze powierzonym oraz dost\u0119pnym u naszych partner\u00f3w tj.\u00a0\u00a0Adler, L-Shop [&hellip;]<\/p>\n","protected":false},"author":1,"featured_media":0,"parent":0,"menu_order":0,"comment_status":"closed","ping_status":"closed","template":"","meta":{"site-sidebar-layout":"no-sidebar","site-content-layout":"page-builder","ast-site-content-layout":"default","site-content-style":"default","site-sidebar-style":"default","ast-global-header-display":"","ast-banner-title-visibility":"","ast-main-header-display":"","ast-hfb-above-header-display":"","ast-hfb-below-header-display":"","ast-hfb-mobile-header-display":"","site-post-title":"disabled","ast-breadcrumbs-content":"","ast-featured-img":"disabled","footer-sml-layout":"","theme-transparent-header-meta":"enabled","adv-header-id-meta":"","stick-header-meta":"","header-above-stick-meta":"","header-main-stick-meta":"","header-below-stick-meta":"","astra-migrate-meta-layouts":"default","ast-page-background-enabled":"default","ast-page-background-meta":{"desktop":{"background-color":"","background-image":"","background-repeat":"repeat","background-position":"center center","background-size":"auto","background-attachment":"scroll","background-type":"","background-media":"","overlay-type":"","overlay-color":"","overlay-opacity":"","overlay-gradient":""},"tablet":{"background-color":"","background-image":"","background-repeat":"repeat","background-position":"center center","background-size":"auto","background-attachment":"scroll","background-type":"","background-media":"","overlay-type":"","overlay-color":"","overlay-opacity":"","overlay-gradient":""},"mobile":{"background-color":"","background-image":"","background-repeat":"repeat","background-position":"center center","background-size":"auto","background-attachment":"scroll","background-type":"","background-media":"","overlay-type":"","overlay-color":"","overlay-opacity":"","overlay-gradient":""}},"ast-content-background-meta":{"desktop":{"background-color":"var(--ast-global-color-5)","background-image":"","background-repeat":"repeat","background-position":"center center","background-size":"auto","background-attachment":"scroll","background-type":"","background-media":"","overlay-type":"","overlay-color":"","overlay-opacity":"","overlay-gradient":""},"tablet":{"background-color":"var(--ast-global-color-5)","background-image":"","background-repeat":"repeat","background-position":"center center","background-size":"auto","background-attachment":"scroll","background-type":"","background-media":"","overlay-type":"","overlay-color":"","overlay-opacity":"","overlay-gradient":""},"mobile":{"background-color":"var(--ast-global-color-5)","background-image":"","background-repeat":"repeat","background-position":"center center","background-size":"auto","background-attachment":"scroll","background-type":"","background-media":"","overlay-type":"","overlay-color":"","overlay-opacity":"","overlay-gradient":""}},"footnotes":""},"class_list":["post-301","page","type-page","status-publish","hentry"],"yoast_head":"<!-- This site is optimized with the Yoast SEO plugin v27.3 - https:\/\/yoast.com\/product\/yoast-seo-wordpress\/ -->\n<title>O nas - Fabryka Cmyka<\/title>\n<meta name=\"robots\" content=\"index, follow, max-snippet:-1, max-image-preview:large, max-video-preview:-1\" \/>\n<link rel=\"canonical\" href=\"https:\/\/fabrykacmyka.pl\/de\/about\/\" \/>\n<meta property=\"og:locale\" content=\"de_DE\" \/>\n<meta property=\"og:type\" content=\"article\" \/>\n<meta property=\"og:title\" content=\"O nas - Fabryka Cmyka\" \/>\n<meta property=\"og:description\" content=\"O nas Kim jeste\u015bmy? Jeste\u015bmy nowoczesn\u0105 bydgosk\u0105 drukarni\u0105 reklamow\u0105. Uwielbiamy realizowa\u0107 projekty trudne i nietuzinkowe \u2013 bardzo dobrze znamy wymagaj\u0105c\u0105 bran\u017c\u0119 reklamow\u0105. Obs\u0142ugujemy zlecenia z Polski i ca\u0142ej Europy, swobodnie komunikujemy si\u0119 w j\u0119zykach niemieckim i angielskim. Cenimy sobie nasz\u0105 elastyczno\u015b\u0107 dlatego\u00a0obs\u0142ugujemy zar\u00f3wno zlecenia nadruku na towarze powierzonym oraz dost\u0119pnym u naszych partner\u00f3w tj.\u00a0\u00a0Adler, L-Shop [&hellip;]\" \/>\n<meta property=\"og:url\" content=\"https:\/\/fabrykacmyka.pl\/de\/about\/\" \/>\n<meta property=\"og:site_name\" content=\"Fabryka Cmyka\" \/>\n<meta property=\"article:publisher\" content=\"https:\/\/www.facebook.com\/fabrykacmyka\/\" \/>\n<meta property=\"article:modified_time\" content=\"2023-01-01T14:25:08+00:00\" \/>\n<meta property=\"og:image\" content=\"https:\/\/fabrykacmyka.pl\/wp-content\/uploads\/2022\/05\/bydgoszczzz.jpg\" \/>\n<meta name=\"twitter:card\" content=\"summary_large_image\" \/>\n<meta name=\"twitter:label1\" content=\"Gesch\u00e4tzte Lesezeit\" \/>\n\t<meta name=\"twitter:data1\" content=\"4\u00a0Minuten\" \/>\n<script type=\"application\/ld+json\" class=\"yoast-schema-graph\">{\"@context\":\"https:\\\/\\\/schema.org\",\"@graph\":[{\"@type\":\"WebPage\",\"@id\":\"https:\\\/\\\/fabrykacmyka.pl\\\/de\\\/about\\\/\",\"url\":\"https:\\\/\\\/fabrykacmyka.pl\\\/de\\\/about\\\/\",\"name\":\"O nas - Fabryka Cmyka\",\"isPartOf\":{\"@id\":\"https:\\\/\\\/fabrykacmyka.pl\\\/#website\"},\"primaryImageOfPage\":{\"@id\":\"https:\\\/\\\/fabrykacmyka.pl\\\/de\\\/about\\\/#primaryimage\"},\"image\":{\"@id\":\"https:\\\/\\\/fabrykacmyka.pl\\\/de\\\/about\\\/#primaryimage\"},\"thumbnailUrl\":\"https:\\\/\\\/fabrykacmyka.pl\\\/wp-content\\\/uploads\\\/2022\\\/05\\\/bydgoszczzz.jpg\",\"datePublished\":\"2020-10-22T01:09:38+00:00\",\"dateModified\":\"2023-01-01T14:25:08+00:00\",\"breadcrumb\":{\"@id\":\"https:\\\/\\\/fabrykacmyka.pl\\\/de\\\/about\\\/#breadcrumb\"},\"inLanguage\":\"de\",\"potentialAction\":[{\"@type\":\"ReadAction\",\"target\":[\"https:\\\/\\\/fabrykacmyka.pl\\\/de\\\/about\\\/\"]}]},{\"@type\":\"ImageObject\",\"inLanguage\":\"de\",\"@id\":\"https:\\\/\\\/fabrykacmyka.pl\\\/de\\\/about\\\/#primaryimage\",\"url\":\"https:\\\/\\\/fabrykacmyka.pl\\\/wp-content\\\/uploads\\\/2022\\\/05\\\/bydgoszczzz.jpg\",\"contentUrl\":\"https:\\\/\\\/fabrykacmyka.pl\\\/wp-content\\\/uploads\\\/2022\\\/05\\\/bydgoszczzz.jpg\"},{\"@type\":\"BreadcrumbList\",\"@id\":\"https:\\\/\\\/fabrykacmyka.pl\\\/de\\\/about\\\/#breadcrumb\",\"itemListElement\":[{\"@type\":\"ListItem\",\"position\":1,\"name\":\"Strona g\u0142\u00f3wna\",\"item\":\"https:\\\/\\\/fabrykacmyka.pl\\\/\"},{\"@type\":\"ListItem\",\"position\":2,\"name\":\"O nas\"}]},{\"@type\":\"WebSite\",\"@id\":\"https:\\\/\\\/fabrykacmyka.pl\\\/#website\",\"url\":\"https:\\\/\\\/fabrykacmyka.pl\\\/\",\"name\":\"Fabryka Cmyka - Drukarnia Reklamowa - Drukujemy Na Wszystkim\",\"description\":\"Odzie\u017c Reklamowa | Gad\u017cety | Nadruki\",\"publisher\":{\"@id\":\"https:\\\/\\\/fabrykacmyka.pl\\\/#organization\"},\"potentialAction\":[{\"@type\":\"SearchAction\",\"target\":{\"@type\":\"EntryPoint\",\"urlTemplate\":\"https:\\\/\\\/fabrykacmyka.pl\\\/?s={search_term_string}\"},\"query-input\":{\"@type\":\"PropertyValueSpecification\",\"valueRequired\":true,\"valueName\":\"search_term_string\"}}],\"inLanguage\":\"de\"},{\"@type\":\"Organization\",\"@id\":\"https:\\\/\\\/fabrykacmyka.pl\\\/#organization\",\"name\":\"Fabryka Cmyka - Drukarnia Reklamowa - Drukujemy Na Wszystkim\",\"url\":\"https:\\\/\\\/fabrykacmyka.pl\\\/\",\"logo\":{\"@type\":\"ImageObject\",\"inLanguage\":\"de\",\"@id\":\"https:\\\/\\\/fabrykacmyka.pl\\\/#\\\/schema\\\/logo\\\/image\\\/\",\"url\":\"https:\\\/\\\/fabrykacmyka.pl\\\/wp-content\\\/uploads\\\/2022\\\/04\\\/cropped-logo.jpg\",\"contentUrl\":\"https:\\\/\\\/fabrykacmyka.pl\\\/wp-content\\\/uploads\\\/2022\\\/04\\\/cropped-logo.jpg\",\"width\":512,\"height\":512,\"caption\":\"Fabryka Cmyka - Drukarnia Reklamowa - Drukujemy Na Wszystkim\"},\"image\":{\"@id\":\"https:\\\/\\\/fabrykacmyka.pl\\\/#\\\/schema\\\/logo\\\/image\\\/\"},\"sameAs\":[\"https:\\\/\\\/www.facebook.com\\\/fabrykacmyka\\\/\"]}]}<\/script>\n<!-- \/ Yoast SEO plugin. -->","yoast_head_json":{"title":"O nas - Fabryka Cmyka","robots":{"index":"index","follow":"follow","max-snippet":"max-snippet:-1","max-image-preview":"max-image-preview:large","max-video-preview":"max-video-preview:-1"},"canonical":"https:\/\/fabrykacmyka.pl\/de\/about\/","og_locale":"de_DE","og_type":"article","og_title":"O nas - Fabryka Cmyka","og_description":"O nas Kim jeste\u015bmy? Jeste\u015bmy nowoczesn\u0105 bydgosk\u0105 drukarni\u0105 reklamow\u0105. Uwielbiamy realizowa\u0107 projekty trudne i nietuzinkowe \u2013 bardzo dobrze znamy wymagaj\u0105c\u0105 bran\u017c\u0119 reklamow\u0105. Obs\u0142ugujemy zlecenia z Polski i ca\u0142ej Europy, swobodnie komunikujemy si\u0119 w j\u0119zykach niemieckim i angielskim. Cenimy sobie nasz\u0105 elastyczno\u015b\u0107 dlatego\u00a0obs\u0142ugujemy zar\u00f3wno zlecenia nadruku na towarze powierzonym oraz dost\u0119pnym u naszych partner\u00f3w tj.\u00a0\u00a0Adler, L-Shop [&hellip;]","og_url":"https:\/\/fabrykacmyka.pl\/de\/about\/","og_site_name":"Fabryka Cmyka","article_publisher":"https:\/\/www.facebook.com\/fabrykacmyka\/","article_modified_time":"2023-01-01T14:25:08+00:00","og_image":[{"url":"https:\/\/fabrykacmyka.pl\/wp-content\/uploads\/2022\/05\/bydgoszczzz.jpg","type":"","width":"","height":""}],"twitter_card":"summary_large_image","twitter_misc":{"Gesch\u00e4tzte Lesezeit":"4\u00a0Minuten"},"schema":{"@context":"https:\/\/schema.org","@graph":[{"@type":"WebPage","@id":"https:\/\/fabrykacmyka.pl\/de\/about\/","url":"https:\/\/fabrykacmyka.pl\/de\/about\/","name":"O nas - Fabryka Cmyka","isPartOf":{"@id":"https:\/\/fabrykacmyka.pl\/#website"},"primaryImageOfPage":{"@id":"https:\/\/fabrykacmyka.pl\/de\/about\/#primaryimage"},"image":{"@id":"https:\/\/fabrykacmyka.pl\/de\/about\/#primaryimage"},"thumbnailUrl":"https:\/\/fabrykacmyka.pl\/wp-content\/uploads\/2022\/05\/bydgoszczzz.jpg","datePublished":"2020-10-22T01:09:38+00:00","dateModified":"2023-01-01T14:25:08+00:00","breadcrumb":{"@id":"https:\/\/fabrykacmyka.pl\/de\/about\/#breadcrumb"},"inLanguage":"de","potentialAction":[{"@type":"ReadAction","target":["https:\/\/fabrykacmyka.pl\/de\/about\/"]}]},{"@type":"ImageObject","inLanguage":"de","@id":"https:\/\/fabrykacmyka.pl\/de\/about\/#primaryimage","url":"https:\/\/fabrykacmyka.pl\/wp-content\/uploads\/2022\/05\/bydgoszczzz.jpg","contentUrl":"https:\/\/fabrykacmyka.pl\/wp-content\/uploads\/2022\/05\/bydgoszczzz.jpg"},{"@type":"BreadcrumbList","@id":"https:\/\/fabrykacmyka.pl\/de\/about\/#breadcrumb","itemListElement":[{"@type":"ListItem","position":1,"name":"Strona g\u0142\u00f3wna","item":"https:\/\/fabrykacmyka.pl\/"},{"@type":"ListItem","position":2,"name":"O nas"}]},{"@type":"WebSite","@id":"https:\/\/fabrykacmyka.pl\/#website","url":"https:\/\/fabrykacmyka.pl\/","name":"Fabryka Cmyka - Drukarnia Reklamowa - Drukujemy Na Wszystkim","description":"Odzie\u017c Reklamowa | Gad\u017cety | Nadruki","publisher":{"@id":"https:\/\/fabrykacmyka.pl\/#organization"},"potentialAction":[{"@type":"SearchAction","target":{"@type":"EntryPoint","urlTemplate":"https:\/\/fabrykacmyka.pl\/?s={search_term_string}"},"query-input":{"@type":"PropertyValueSpecification","valueRequired":true,"valueName":"search_term_string"}}],"inLanguage":"de"},{"@type":"Organization","@id":"https:\/\/fabrykacmyka.pl\/#organization","name":"Fabryka Cmyka - Drukarnia Reklamowa - Drukujemy Na Wszystkim","url":"https:\/\/fabrykacmyka.pl\/","logo":{"@type":"ImageObject","inLanguage":"de","@id":"https:\/\/fabrykacmyka.pl\/#\/schema\/logo\/image\/","url":"https:\/\/fabrykacmyka.pl\/wp-content\/uploads\/2022\/04\/cropped-logo.jpg","contentUrl":"https:\/\/fabrykacmyka.pl\/wp-content\/uploads\/2022\/04\/cropped-logo.jpg","width":512,"height":512,"caption":"Fabryka Cmyka - Drukarnia Reklamowa - Drukujemy Na Wszystkim"},"image":{"@id":"https:\/\/fabrykacmyka.pl\/#\/schema\/logo\/image\/"},"sameAs":["https:\/\/www.facebook.com\/fabrykacmyka\/"]}]}},"_links":{"self":[{"href":"https:\/\/fabrykacmyka.pl\/de\/wp-json\/wp\/v2\/pages\/301","targetHints":{"allow":["GET"]}}],"collection":[{"href":"https:\/\/fabrykacmyka.pl\/de\/wp-json\/wp\/v2\/pages"}],"about":[{"href":"https:\/\/fabrykacmyka.pl\/de\/wp-json\/wp\/v2\/types\/page"}],"author":[{"embeddable":true,"href":"https:\/\/fabrykacmyka.pl\/de\/wp-json\/wp\/v2\/users\/1"}],"replies":[{"embeddable":true,"href":"https:\/\/fabrykacmyka.pl\/de\/wp-json\/wp\/v2\/comments?post=301"}],"version-history":[{"count":51,"href":"https:\/\/fabrykacmyka.pl\/de\/wp-json\/wp\/v2\/pages\/301\/revisions"}],"predecessor-version":[{"id":2027,"href":"https:\/\/fabrykacmyka.pl\/de\/wp-json\/wp\/v2\/pages\/301\/revisions\/2027"}],"wp:attachment":[{"href":"https:\/\/fabrykacmyka.pl\/de\/wp-json\/wp\/v2\/media?parent=301"}],"curies":[{"name":"wp","href":"https:\/\/api.w.org\/{rel}","templated":true}]}}